{"id":404,"date":"2021-01-31T10:39:04","date_gmt":"2021-01-31T07:39:04","guid":{"rendered":"https:\/\/fiddmark.ro\/magazin\/?page_id=404"},"modified":"2021-02-21T12:14:13","modified_gmt":"2021-02-21T09:14:13","slug":"formular-comanda-angajatori-pasul-1","status":"publish","type":"page","link":"https:\/\/fiddmark.ro\/magazin\/formular-comanda-angajatori-pasul-1\/","title":{"rendered":"Formular comanda angajatori pasul 1"},"content":{"rendered":"<p>[vc_row][vc_column][vc_custom_heading text=&#8221;Completa\u021bi datele&#8221; font_container=&#8221;tag:h1|font_size:40|text_align:center&#8221; use_theme_fonts=&#8221;yes&#8221;][vc_custom_heading text=&#8221;Formularul de mai jos va trimite o solicitare c\u0103tre Fiddmark&#8221; font_container=&#8221;tag:h2|font_size:25|text_align:center&#8221; use_theme_fonts=&#8221;yes&#8221;][\/vc_column][\/vc_row][vc_row][vc_column width=&#8221;1\/2&#8243;][vc_column_text css=&#8221;.vc_custom_1612079394249{margin-bottom: 30px !important;}&#8221;]<\/p>\n<ul>\n<li>Tipul abonamentului \u0219i modalitatea de plat\u0103 sunt preluate automat de la pasul anterior. Dac\u0103 exist\u0103 neconcoran\u021be, ele pot fi modificate \u0219i \u00een aceast\u0103 pagin\u0103 utiliz\u00e2nd c\u00e2mpurile drop down.<\/li>\n<li>Se completeaz\u0103 CUI-ul societ\u0103\u021bii \u0219i datele administratorului, respectiv : Nume, telefon \u0219i e-mail.<\/li>\n<li>La pasul urm\u0103tor aplica\u021bia noastr\u0103 va \u00eencerca s\u0103 identifice societatea \u0219i s\u0103 completeze automat denumirea, adresa \u0219i num\u0103rul de \u00eenregistrare de la Registrul Comer\u021bului. Dac\u0103 aceste date lipsesc, se vor completa manual.<\/li>\n<li>Se adaug\u0103 \u0219i restul informa\u021biilor care lipsesc.<\/li>\n<li>Se va ap\u0103sa butonul &#8222;Genereaz\u0103 contractul&#8221;. Acesta va deveni imediat disponibil \u00een pagin\u0103 pentru download. Un exemplar va fi automat trimis \u0219i prin email la adresa furnizat\u0103.<\/li>\n<li>Contractul este considerat &#8222;draft&#8221; p\u00e2n\u0103 \u00een momentul \u00een care este semnat de ambele societ\u0103\u021bi. Se poate opta pentru semnarea face-to-face sau trimitere prin e-mail \/ curier. Toate variantele de mai sus sunt acceptate legal.<\/li>\n<\/ul>\n<p>[\/vc_column_text][\/vc_column][vc_column width=&#8221;1\/2&#8243;][vc_raw_html]JTNDZm9ybSUyMGFjdGlvbiUzRCUyMmh0dHBzJTNBJTJGJTJGZmlkZG1hcmsucm8lMkZmb3JtdWxhcmUlMkZmb3JtdWxhci1jb21hbmRhLWFuZ2FqYXRvcmktcGFzdWwtMiUyMiUyMG1ldGhvZCUzRCUyMnBvc3QlMjIlM0UlMEElMEElMjAlM0NkaXYlMjBjbGFzcyUzRCUyMmNvbC1sZy0xMiUyMGNvbC1tZC0xMiUyMGNvbC1zbS0xMiUyMiUzRSUwQSUyMCUzQ2xhYmVsJTNFVGlwdWwlMjBhYm9uYW1lbnR1bHVpJTNDJTJGbGFiZWwlM0UlM0NiciUzRSUwQSUwOSUyMCUzQ3NlbGVjdCUyMG5hbWUlM0QlMjJhYm9uYW1lbnQlMjIlMjBpZCUzRCUyMmFib25hbWVudCUyMiUyMGNsYXNzJTNEJTIyY2FtcC1mb3JtdWxhciUyMiUzRSUwQSUwOSUyMCUyMCUzQ29wdGlvbiUyMHZhbHVlJTNEJTIyU21hbGwlMjBCdXNpbmVzcyUyMCUyOG1heGltJTIwMjAlMjB1dGlsaXphdG9yaSUyOSUyMiUzRVNtYWxsJTIwQnVzaW5lc3MlMjAlMjhtYXglMjAyMCUyOSUzQyUyRm9wdGlvbiUzRSUwQSUwOSUyMCUyMCUzQ29wdGlvbiUyMHZhbHVlJTNEJTIyTWlkJTIwQnVzaW5lc3MlMjAlMjhtYXhpbSUyMDUwJTIwdXRpbGl6YXRvcmklMjklMjIlM0VNaWQlMjBCdXNpbmVzcyUyMCUyOG1heCUyMDUwJTI5JTNDJTJGb3B0aW9uJTNFJTBBJTA5JTIwJTIwJTNDb3B0aW9uJTIwdmFsdWUlM0QlMjJMYXJnZSUyMEJ1c2luZXNzJTIwJTI4bWF4aW0lMjAxMDAlMjB1dGlsaXphdG9yaSUyOSUyMiUzRUxhcmdlJTIwQnVzaW5lc3MlMjAlMjhtYXglMjAxMDAlMjklM0MlMkZvcHRpb24lM0UlMEElMDklMjAlMjAlM0NvcHRpb24lMjB2YWx1ZSUzRCUyMkNvcnBvcmF0ZSUyMCUyOG1heGltJTIwNTAwJTIwdXRpbGl6YXRvcmklMjklMjIlM0VDb3Jwb3JhdGUlMjAlMjhtYXglMjA1MDAlMjklM0MlMkZvcHRpb24lM0UlMEElMDklMjAlMjAlM0NvcHRpb24lMjB2YWx1ZSUzRCUyMkVudGVycHJpc2UlMjAlMjhwZXN0ZSUyMDUwMCUyMHV0aWxpemF0b3JpJTI5JTIyJTNFRW50ZXJwcmlzZSUyMCUyOG1pbiUyMDUwMSUyOSUzQyUyRm9wdGlvbiUzRSUwQSUwOSUzQyUyRnNlbGVjdCUzRSUwQSUyMCUzQyUyRmRpdiUzRSUwQSUyMCUwQSUyMCUyMCUzQ2RpdiUyMGNsYXNzJTNEJTIyY29sLWxnLTEyJTIwY29sLW1kLTEyJTIwY29sLXNtLTEyJTIyJTNFJTBBJTA5JTIwJTNDbGFiZWwlM0VNb2RhbGl0YXRlJTIwcGxhdCVDNCU4MyUzQyUyRmxhYmVsJTNFJTNDYnIlM0UlMEElMDklMDklMjAlM0NzZWxlY3QlMjBuYW1lJTNEJTIycGxhdGElMjIlMjBpZCUzRCUyMnBsYXRhJTIyJTIwY2xhc3MlM0QlMjJjYW1wLWZvcm11bGFyJTIyJTNFJTBBJTA5JTA5JTIwJTIwJTNDb3B0aW9uJTIwdmFsdWUlM0QlMjJQbGF0JUM0JTgzJTIwbHVuYXIlQzQlODMlMjIlM0VQbGF0JUM0JTgzJTIwbHVuYXIlQzQlODMlM0MlMkZvcHRpb24lM0UlMEElMDklMDklMjAlMjAlM0NvcHRpb24lMjB2YWx1ZSUzRCUyMlBsYXQlQzQlODMlMjBhbnVhbCVDNCU4MyUyMiUzRVBsYXQlQzQlODMlMjBhbnVhbCVDNCU4MyUzQyUyRm9wdGlvbiUzRSUwQSUwOSUwOSUzQyUyRnNlbGVjdCUzRSUwQSUyMCUyMCUzQyUyRmRpdiUzRSUwQSUwQSUyMCUzQ2RpdiUyMGNsYXNzJTNEJTIyY29sLWxnLTEyJTIwY29sLW1kLTEyJTIwY29sLXNtLTEyJTIyJTNFJTBBJTIwJTNDbGFiZWwlM0VDVUklMjBzb2NpZXRhdGUlMjhkb2FyJTIwY2lmcmVsZSUyQyUyMGYlQzQlODNyJUM0JTgzJTIwUk8lMjklM0MlMkZsYWJlbCUzRSUzQ2JyJTNFJTBBJTIwJTNDaW5wdXQlMjBjbGFzcyUzRCUyMmNhbXAtZm9ybXVsYXIlMjIlMjB0eXBlJTNEJTIydGV4dCUyMiUyMGlkJTNEJTIyY3VpJTIyJTIwbmFtZSUzRCUyMmN1aSUyMiUyMHBsYWNlaG9sZGVyJTNEJTIyRXglM0ElMjA4NDM2NzQ4JTIyJTIwcmVxdWlyZWQlM0UlMEElMjAlM0MlMkZkaXYlM0UlMEElMjAlMEElMjAlM0NkaXYlMjBjbGFzcyUzRCUyMmNvbC1sZy0xMiUyMGNvbC1tZC0xMiUyMGNvbC1zbS0xMiUyMiUzRSUwQSUyMCUzQ2xhYmVsJTNFTnVtZSUyMEFkbWluaXN0cmF0b3IlM0MlMkZsYWJlbCUzRSUzQ2JyJTNFJTBBJTIwJTNDaW5wdXQlMjBjbGFzcyUzRCUyMmNhbXAtZm9ybXVsYXIlMjIlMjAlMjB0eXBlJTNEJTIydGV4dCUyMiUyMGlkJTNEJTIybnVtZSUyMiUyMG5hbWUlM0QlMjJudW1lJTIyJTIwcGxhY2Vob2xkZXIlM0QlMjJFeCUzQSUyMENvbnN0YW50aW4lMjBUb2FkZXIlMjIlMjByZXF1aXJlZCUzRSUwQSUyMCUzQyUyRmRpdiUzRSUwQSUyMCUwQSUyMCUzQ2RpdiUyMGNsYXNzJTNEJTIyY29sLWxnLTEyJTIwY29sLW1kLTEyJTIwY29sLXNtLTEyJTIyJTNFJTBBJTIwJTNDbGFiZWwlM0VUZWxlZm9uJTIwJTI4ZG9hciUyMGNpZnJlJTI5JTNDJTJGbGFiZWwlM0UlM0NiciUzRSUwQSUyMCUzQ2lucHV0JTIwY2xhc3MlM0QlMjJjYW1wLWZvcm11bGFyJTIyJTIwJTIwdHlwZSUzRCUyMnRlbCUyMiUyMGlkJTNEJTIydGVsZWZvbiUyMiUyMG5hbWUlM0QlMjJ0ZWxlZm9uJTIyJTIwcGxhY2Vob2xkZXIlM0QlMjJFeCUzQSUyMDA3NTYyMjczMjQlMjIlMjByZXF1aXJlZCUzRSUwQSUyMCUzQyUyRmRpdiUzRSUwQSUyMCUwQSUyMCUzQ2RpdiUyMGNsYXNzJTNEJTIyY29sLWxnLTEyJTIwY29sLW1kLTEyJTIwY29sLXNtLTEyJTIyJTNFJTBBJTIwJTNDbGFiZWwlM0VFbWFpbCUzQyUyRmxhYmVsJTNFJTNDYnIlM0UlMEElMjAlM0NpbnB1dCUyMGNsYXNzJTNEJTIyY2FtcC1mb3JtdWxhciUyMiUyMCUyMHR5cGUlM0QlMjJlbWFpbCUyMiUyMGlkJTNEJTIyZW1haWwlMjIlMjBuYW1lJTNEJTIyZW1haWwlMjIlMjBwbGFjZWhvbGRlciUzRCUyMkV4JTNBJTIwZmlkZG1hcmttZWRpYSU0MGdtYWlsLmNvbSUyMiUyMHJlcXVpcmVkJTNFJTBBJTIwJTNDJTJGZGl2JTNFJTBBJTIwJTBBJTIwJTIwJTNDZGl2JTIwY2xhc3MlM0QlMjJjb2wtbGctMTIlMjBjb2wtbWQtMTIlMjBjb2wtc20tMTIlMjIlM0UlMEElMjAlM0NpbnB1dCUyMG5hbWUlM0QlMjJ0cmltaXRlJTIyJTIwdHlwZSUzRCUyMnN1Ym1pdCUyMiUyMHN0eWxlJTNEJTIyY29sb3IlM0ElMjAlMjNmZmYlM0IlMjBiYWNrZ3JvdW5kLWNvbG9yJTNBJTIwJTIzZjkwJTNCJTIwYm9yZGVyJTNBJTIwMCUzQnBhZGRpbmclM0ElMjA3cHglMjAyMHB4JTNCdGV4dC10cmFuc2Zvcm0lM0ElMjB1cHBlcmNhc2UlM0IlMjBmb250LXdlaWdodCUzQSUyMDUwMCUzQiUyMGJvcmRlci1yYWRpdXMlM0E1cHglM0IlMjB3aWR0aCUzQTEwMCUyNSUzQiUyMiUyMGlkJTNEJTIyYnV0b25UcmltaXRlJTIyJTIwdmFsdWUlM0QlMjJQYXN1bCUyMHVybSVDNCU4M3RvciUyMiUzRSUwQSUyMCUzQyUyRmRpdiUzRSUwQSUyMCUwQSUzQyUyRmZvcm0lM0U=[\/vc_raw_html][\/vc_column][\/vc_row][vc_row][vc_column][vc_raw_html]JTNDc2NyaXB0JTNFJTBBJTBBY29uc3QlMjBxdWVyeVN0cmluZyUyMCUzRCUyMHdpbmRvdy5sb2NhdGlvbi5zZWFyY2glM0IlMEFjb25zdCUyMHVybFBhcmFtcyUyMCUzRCUyMG5ldyUyMFVSTFNlYXJjaFBhcmFtcyUyOHF1ZXJ5U3RyaW5nJTI5JTNCJTBBY29uc3QlMjBhYm9uYW1lbnQlMjAlM0QlMjB1cmxQYXJhbXMuZ2V0JTI4JTI3YWJvbmFtZW50JTI3JTI5JTNCJTBBY29uc3QlMjBwbGF0YSUyMCUzRCUyMHVybFBhcmFtcy5nZXQlMjglMjdwbGF0YSUyNyUyOSUzQiUwQSUwQWlmJTI4YWJvbmFtZW50JTIwJTNEJTNEJTIwJTIyc21hbGwlMjIlMjklN0IlMEFkb2N1bWVudC5nZXRFbGVtZW50QnlJZCUyOCUyMmFib25hbWVudCUyMiUyOS5zZWxlY3RlZEluZGV4JTIwJTNEJTIwMCUzQiUwQSU3RGVsc2UlMjBpZiUyOGFib25hbWVudCUyMCUzRCUzRCUyMCUyMm1pZCUyMiUyOSU3QiUwQWRvY3VtZW50LmdldEVsZW1lbnRCeUlkJTI4JTIyYWJvbmFtZW50JTIyJTI5LnNlbGVjdGVkSW5kZXglMjAlM0QlMjAxJTNCJTBBJTdEZWxzZSUyMGlmJTI4YWJvbmFtZW50JTIwJTNEJTNEJTIwJTIybGFyZ2UlMjIlMjklN0IlMEFkb2N1bWVudC5nZXRFbGVtZW50QnlJZCUyOCUyMmFib25hbWVudCUyMiUyOS5zZWxlY3RlZEluZGV4JTIwJTNEJTIwMiUzQiUwQSU3RGVsc2UlMjBpZiUyOGFib25hbWVudCUyMCUzRCUzRCUyMCUyMmNvcnBvcmF0ZSUyMiUyOSU3QiUwQWRvY3VtZW50LmdldEVsZW1lbnRCeUlkJTI4JTIyYWJvbmFtZW50JTIyJTI5LnNlbGVjdGVkSW5kZXglMjAlM0QlMjAzJTNCJTBBJTdEZWxzZSUyMGlmJTI4YWJvbmFtZW50JTIwJTNEJTNEJTIwJTIyZW50ZXJwcmlzZSUyMiUyOSU3QiUwQWRvY3VtZW50LmdldEVsZW1lbnRCeUlkJTI4JTIyYWJvbmFtZW50JTIyJTI5LnNlbGVjdGVkSW5kZXglMjAlM0QlMjA0JTNCJTBBJTdEJTBBJTBBaWYlMjhwbGF0YSUyMCUzRCUzRCUyMCUyMmx1bmFyYSUyMiUyOSU3QiUwQWRvY3VtZW50LmdldEVsZW1lbnRCeUlkJTI4JTIycGxhdGElMjIlMjkuc2VsZWN0ZWRJbmRleCUyMCUzRCUyMDAlM0IlMEElN0RlbHNlJTIwaWYlMjhwbGF0YSUyMCUzRCUzRCUyMCUyMmFudWFsYSUyMiUyOSU3QiUwQWRvY3VtZW50LmdldEVsZW1lbnRCeUlkJTI4JTIycGxhdGElMjIlMjkuc2VsZWN0ZWRJbmRleCUyMCUzRCUyMDElM0IlMEElN0QlMEElMEElM0MlMkZzY3JpcHQlM0U=[\/vc_raw_html][\/vc_column][\/vc_row]<\/p>\n","protected":false},"excerpt":{"rendered":"<p>[vc_row][vc_column][vc_custom_heading text=&#8221;Completa\u021bi datele&#8221; font_container=&#8221;tag:h1|font_size:40|text_align:center&#8221; use_theme_fonts=&#8221;yes&#8221;][vc_custom_heading text=&#8221;Formularul de mai jos va trimite o solicitare c\u0103tre Fiddmark&#8221; font_container=&#8221;tag:h2|font_size:25|text_align:center&#8221; use_theme_fonts=&#8221;yes&#8221;][\/vc_column][\/vc_row][vc_row][vc_column width=&#8221;1\/2&#8243;][vc_column_text css=&#8221;.vc_custom_1612079394249{margin-bottom: 30px !important;}&#8221;] Tipul abonamentului \u0219i modalitatea de plat\u0103 sunt preluate automat de la pasul anterior. Dac\u0103 exist\u0103 neconcoran\u021be, ele pot fi modificate \u0219i \u00een aceast\u0103 pagin\u0103 utiliz\u00e2nd c\u00e2mpurile drop down. Se completeaz\u0103 CUI-ul societ\u0103\u021bii \u0219i datele [&#8230;]<\/p>\n<p><a class=\"btn btn-default understrap-read-more-link\" href=\"https:\/\/fiddmark.ro\/magazin\/formular-comanda-angajatori-pasul-1\/\">Read More&#8230;<\/a><\/p>\n","protected":false},"author":1,"featured_media":0,"parent":0,"menu_order":0,"comment_status":"closed","ping_status":"closed","template":"","meta":[],"_links":{"self":[{"href":"https:\/\/fiddmark.ro\/magazin\/wp-json\/wp\/v2\/pages\/404"}],"collection":[{"href":"https:\/\/fiddmark.ro\/magazin\/wp-json\/wp\/v2\/pages"}],"about":[{"href":"https:\/\/fiddmark.ro\/magazin\/wp-json\/wp\/v2\/types\/page"}],"author":[{"embeddable":true,"href":"https:\/\/fiddmark.ro\/magazin\/wp-json\/wp\/v2\/users\/1"}],"replies":[{"embeddable":true,"href":"https:\/\/fiddmark.ro\/magazin\/wp-json\/wp\/v2\/comments?post=404"}],"version-history":[{"count":30,"href":"https:\/\/fiddmark.ro\/magazin\/wp-json\/wp\/v2\/pages\/404\/revisions"}],"predecessor-version":[{"id":477,"href":"https:\/\/fiddmark.ro\/magazin\/wp-json\/wp\/v2\/pages\/404\/revisions\/477"}],"wp:attachment":[{"href":"https:\/\/fiddmark.ro\/magazin\/wp-json\/wp\/v2\/media?parent=404"}],"curies":[{"name":"wp","href":"https:\/\/api.w.org\/{rel}","templated":true}]}}