{"id":22,"date":"2020-07-04T18:07:25","date_gmt":"2020-07-04T15:07:25","guid":{"rendered":"https:\/\/fiddmark.ro\/magazin\/?post_type=product&#038;p=22"},"modified":"2020-07-21T15:48:02","modified_gmt":"2020-07-21T12:48:02","slug":"cardul-fiddmark","status":"publish","type":"product","link":"https:\/\/fiddmark.ro\/magazin\/produs\/cardul-fiddmark\/","title":{"rendered":"Cardul Fiddmark"},"content":{"rendered":"<p>[vc_row][vc_column][vc_column_text]<b>Card de reduceri ce i\u021bi ofer\u0103 acces la bunuri \u0219i servicii cu discount,\u00a0 timp de 12 luni, la comercian\u021bii parteneri Fiddmark din toat\u0103 \u021bara.<\/b>[\/vc_column_text][\/vc_column][\/vc_row][vc_row][vc_column][vc_tta_accordion color=&#8221;white&#8221; gap=&#8221;5&#8243; active_section=&#8221;1&#8243;][vc_tta_section title=&#8221;Avantaje&#8221; tab_id=&#8221;1593929307895-2990e7f6-c85a&#8221;][vc_column_text]<\/p>\n<ul>\n<li>Gam\u0103 foarte variat\u0103 de bunuri \u0219i servicii cu discount, cu poten\u021bialul de a mul\u021bumi pe toat\u0103 lumea;<\/li>\n<li>Re\u021beaua de parteneri se extinde constant, cresc\u00e2nd permanent valoarea beneficiilor acoperite;<\/li>\n<li>Fiecare card poate fi folosit \u00een toate ora\u0219ele unde avem parteneri comerciali, indiferent unde a fost emis, prin urmare \u0219i \u00een delega\u021bii, concedii, alte deplas\u0103ri;<\/li>\n<li>Costul serviciului este printre cele mai mici de pe pia\u021b\u0103 &#8211; 240 lei \/ an, \u00eensemn\u00e2nd 20 lei pe lun\u0103, echivalentul unui bon de mas\u0103 utilizabil \u00eentr-o zi.<\/li>\n<\/ul>\n<p>[\/vc_column_text][\/vc_tta_section][vc_tta_section title=&#8221;Branduri care acord\u0103 reduceri cu Cardul Fiddmark&#8221; tab_id=&#8221;1593929307903-da9d86f4-863c&#8221;][vc_column_text]Printre societ\u0103\u021bile care acord\u0103 reduceri utilizatorilor de carduri Fiddmark se num\u0103r\u0103:[\/vc_column_text][vc_row_inner][vc_column_inner width=&#8221;1\/5&#8243;][vc_single_image image=&#8221;30&#8243; img_size=&#8221;180&#215;73&#8243; style=&#8221;vc_box_border&#8221; css=&#8221;.vc_custom_1593932875431{border-top-width: 1px !important;border-right-width: 1px !important;border-bottom-width: 1px !important;border-left-width: 1px !important;border-left-color: #d8d8d8 !important;border-right-color: #d8d8d8 !important;border-top-color: #d8d8d8 !important;border-bottom-color: #d8d8d8 !important;border-radius: 3px !important;}&#8221;][vc_single_image image=&#8221;37&#8243; img_size=&#8221;180&#215;73&#8243; style=&#8221;vc_box_border&#8221; css=&#8221;.vc_custom_1593932906972{border-top-width: 1px !important;border-right-width: 1px !important;border-bottom-width: 1px !important;border-left-width: 1px !important;border-left-color: #d8d8d8 !important;border-right-color: #d8d8d8 !important;border-top-color: #d8d8d8 !important;border-bottom-color: #d8d8d8 !important;border-radius: 3px !important;}&#8221;][vc_single_image image=&#8221;51&#8243; img_size=&#8221;180&#215;73&#8243; style=&#8221;vc_box_border&#8221; css=&#8221;.vc_custom_1593932882876{border-top-width: 1px !important;border-right-width: 1px !important;border-bottom-width: 1px !important;border-left-width: 1px !important;border-left-color: #d8d8d8 !important;border-right-color: #d8d8d8 !important;border-top-color: #d8d8d8 !important;border-bottom-color: #d8d8d8 !important;border-radius: 3px !important;}&#8221;][\/vc_column_inner][vc_column_inner width=&#8221;1\/5&#8243;][vc_single_image image=&#8221;32&#8243; img_size=&#8221;180&#215;73&#8243; style=&#8221;vc_box_border&#8221; css=&#8221;.vc_custom_1593932706711{border-top-width: 1px !important;border-right-width: 1px !important;border-bottom-width: 1px !important;border-left-width: 1px !important;border-left-color: #d8d8d8 !important;border-right-color: #d8d8d8 !important;border-top-color: #d8d8d8 !important;border-bottom-color: #d8d8d8 !important;border-radius: 3px !important;}&#8221;][vc_single_image image=&#8221;44&#8243; img_size=&#8221;180&#215;73&#8243; style=&#8221;vc_box_border&#8221; css=&#8221;.vc_custom_1593932931990{border-top-width: 1px !important;border-right-width: 1px !important;border-bottom-width: 1px !important;border-left-width: 1px !important;border-left-color: #d8d8d8 !important;border-right-color: #d8d8d8 !important;border-top-color: #d8d8d8 !important;border-bottom-color: #d8d8d8 !important;border-radius: 3px !important;}&#8221;][vc_single_image image=&#8221;31&#8243; img_size=&#8221;180&#215;73&#8243; style=&#8221;vc_box_border&#8221; css=&#8221;.vc_custom_1593932910868{border-top-width: 1px !important;border-right-width: 1px !important;border-bottom-width: 1px !important;border-left-width: 1px !important;border-left-color: #d8d8d8 !important;border-right-color: #d8d8d8 !important;border-top-color: #d8d8d8 !important;border-bottom-color: #d8d8d8 !important;border-radius: 3px !important;}&#8221;][\/vc_column_inner][vc_column_inner width=&#8221;1\/5&#8243;][vc_single_image image=&#8221;47&#8243; img_size=&#8221;180&#215;73&#8243; style=&#8221;vc_box_border&#8221; css=&#8221;.vc_custom_1593932896589{border-top-width: 1px !important;border-right-width: 1px !important;border-bottom-width: 1px !important;border-left-width: 1px !important;border-left-color: #d8d8d8 !important;border-right-color: #d8d8d8 !important;border-top-color: #d8d8d8 !important;border-bottom-color: #d8d8d8 !important;border-radius: 3px !important;}&#8221;][vc_single_image image=&#8221;58&#8243; img_size=&#8221;180&#215;73&#8243; style=&#8221;vc_box_border&#8221; css=&#8221;.vc_custom_1593932918772{border-top-width: 1px !important;border-right-width: 1px !important;border-bottom-width: 1px !important;border-left-width: 1px !important;border-left-color: #d8d8d8 !important;border-right-color: #d8d8d8 !important;border-top-color: #d8d8d8 !important;border-bottom-color: #d8d8d8 !important;border-radius: 3px !important;}&#8221;][vc_single_image image=&#8221;48&#8243; img_size=&#8221;180&#215;73&#8243; style=&#8221;vc_box_border&#8221; css=&#8221;.vc_custom_1593932923492{border-top-width: 1px !important;border-right-width: 1px !important;border-bottom-width: 1px !important;border-left-width: 1px !important;border-left-color: #d8d8d8 !important;border-right-color: #d8d8d8 !important;border-top-color: #d8d8d8 !important;border-bottom-color: #d8d8d8 !important;border-radius: 3px !important;}&#8221;][\/vc_column_inner][vc_column_inner width=&#8221;1\/5&#8243;][vc_single_image image=&#8221;36&#8243; img_size=&#8221;180&#215;73&#8243; style=&#8221;vc_box_border&#8221; css=&#8221;.vc_custom_1593932724884{border-top-width: 1px !important;border-right-width: 1px !important;border-bottom-width: 1px !important;border-left-width: 1px !important;border-left-color: #d8d8d8 !important;border-right-color: #d8d8d8 !important;border-top-color: #d8d8d8 !important;border-bottom-color: #d8d8d8 !important;border-radius: 3px !important;}&#8221;][vc_single_image image=&#8221;50&#8243; img_size=&#8221;180&#215;73&#8243; style=&#8221;vc_box_border&#8221; css=&#8221;.vc_custom_1593932914502{border-top-width: 1px !important;border-right-width: 1px !important;border-bottom-width: 1px !important;border-left-width: 1px !important;border-left-color: #d8d8d8 !important;border-right-color: #d8d8d8 !important;border-top-color: #d8d8d8 !important;border-bottom-color: #d8d8d8 !important;border-radius: 3px !important;}&#8221;][vc_single_image image=&#8221;40&#8243; img_size=&#8221;180&#215;73&#8243; style=&#8221;vc_box_border&#8221; css=&#8221;.vc_custom_1593932927668{border-top-width: 1px !important;border-right-width: 1px !important;border-bottom-width: 1px !important;border-left-width: 1px !important;border-left-color: #d8d8d8 !important;border-right-color: #d8d8d8 !important;border-top-color: #d8d8d8 !important;border-bottom-color: #d8d8d8 !important;border-radius: 3px !important;}&#8221;][\/vc_column_inner][vc_column_inner width=&#8221;1\/5&#8243;][vc_single_image image=&#8221;38&#8243; img_size=&#8221;180&#215;73&#8243; style=&#8221;vc_box_border&#8221; css=&#8221;.vc_custom_1593932902943{border-top-width: 1px !important;border-right-width: 1px !important;border-bottom-width: 1px !important;border-left-width: 1px !important;border-left-color: #d8d8d8 !important;border-right-color: #d8d8d8 !important;border-top-color: #d8d8d8 !important;border-bottom-color: #d8d8d8 !important;border-radius: 3px !important;}&#8221;][vc_single_image image=&#8221;49&#8243; img_size=&#8221;180&#215;73&#8243; style=&#8221;vc_box_border&#8221; css=&#8221;.vc_custom_1593932935772{border-top-width: 1px !important;border-right-width: 1px !important;border-bottom-width: 1px !important;border-left-width: 1px !important;border-left-color: #d8d8d8 !important;border-right-color: #d8d8d8 !important;border-top-color: #d8d8d8 !important;border-bottom-color: #d8d8d8 !important;border-radius: 3px !important;}&#8221;][vc_single_image image=&#8221;60&#8243; img_size=&#8221;180&#215;73&#8243; style=&#8221;vc_box_border&#8221; css=&#8221;.vc_custom_1593932939332{border-top-width: 1px !important;border-right-width: 1px !important;border-bottom-width: 1px !important;border-left-width: 1px !important;border-left-color: #d8d8d8 !important;border-right-color: #d8d8d8 !important;border-top-color: #d8d8d8 !important;border-bottom-color: #d8d8d8 !important;border-radius: 3px !important;}&#8221;][\/vc_column_inner][\/vc_row_inner][vc_column_text]*Pentru lista complet\u0103, actualizat\u0103 la zi, consulta\u021bi sec\u021biunea de <a href=\"https:\/\/fiddmark.ro\/parteneri-comerciali\" target=\"_blank\" rel=\"noopener noreferrer\">parteneri comerciali<\/a>[\/vc_column_text][\/vc_tta_section][vc_tta_section title=&#8221;Ce con\u021bine pachetul&#8221; tab_id=&#8221;1593929312372-51ecd983-23b9&#8243;][vc_column_text]<\/p>\n<ul>\n<li>1 Card Fiddmark valabil 12 luni din momentul activ\u0103rii, pentru un singur utilizator;<\/li>\n<li>Instruc\u021biuni detaliate privind activarea \u0219i utilizarea.<\/li>\n<\/ul>\n<p>[\/vc_column_text][\/vc_tta_section][\/vc_tta_accordion][\/vc_column][\/vc_row]<\/p>\n","protected":false},"excerpt":{"rendered":"<p>[vc_row][vc_column][vc_column_text]Card de reduceri ce i\u021bi ofer\u0103 acces la bunuri \u0219i servicii cu discount,\u00a0 timp de 12 luni, la comercian\u021bii parteneri Fiddmark din toat\u0103 \u021bara.[\/vc_column_text][\/vc_column][\/vc_row][vc_row][vc_column][vc_tta_accordion color=&#8221;white&#8221; gap=&#8221;5&#8243; active_section=&#8221;1&#8243;][vc_tta_section title=&#8221;Avantaje&#8221; tab_id=&#8221;1593929307895-2990e7f6-c85a&#8221;][vc_column_text] Gam\u0103 foarte variat\u0103 de bunuri \u0219i servicii cu discount, cu poten\u021bialul de a mul\u021bumi pe toat\u0103 lumea; Re\u021beaua de parteneri se extinde constant, cresc\u00e2nd permanent valoarea [&#8230;]<\/p>\n<p><a class=\"btn btn-default understrap-read-more-link\" href=\"https:\/\/fiddmark.ro\/magazin\/produs\/cardul-fiddmark\/\">Read More&#8230;<\/a><\/p>\n","protected":false},"featured_media":24,"comment_status":"open","ping_status":"closed","template":"","meta":[],"_links":{"self":[{"href":"https:\/\/fiddmark.ro\/magazin\/wp-json\/wp\/v2\/product\/22"}],"collection":[{"href":"https:\/\/fiddmark.ro\/magazin\/wp-json\/wp\/v2\/product"}],"about":[{"href":"https:\/\/fiddmark.ro\/magazin\/wp-json\/wp\/v2\/types\/product"}],"replies":[{"embeddable":true,"href":"https:\/\/fiddmark.ro\/magazin\/wp-json\/wp\/v2\/comments?post=22"}],"wp:featuredmedia":[{"embeddable":true,"href":"https:\/\/fiddmark.ro\/magazin\/wp-json\/wp\/v2\/media\/24"}],"wp:attachment":[{"href":"https:\/\/fiddmark.ro\/magazin\/wp-json\/wp\/v2\/media?parent=22"}],"curies":[{"name":"wp","href":"https:\/\/api.w.org\/{rel}","templated":true}]}}